{"id":21,"date":"2021-11-17T10:10:25","date_gmt":"2021-11-17T10:10:25","guid":{"rendered":"http:\/\/efren.eu\/corvivaldi\/?page_id=21"},"modified":"2025-11-09T16:34:06","modified_gmt":"2025-11-09T16:34:06","slug":"el-director","status":"publish","type":"page","link":"https:\/\/corvivaldi.cat\/index.php\/language\/ca\/el-director\/","title":{"rendered":"La directora"},"content":{"rendered":"\n<h1 class=\"wp-block-heading\">Pilar Paredes<\/h1>\n\n\n\n<div class=\"wp-block-columns is-layout-flex wp-container-core-columns-is-layout-9d6595d7 wp-block-columns-is-layout-flex\">\n<div class=\"wp-block-column is-layout-flow wp-block-column-is-layout-flow\" style=\"flex-basis:50%\">\n<p>Nascuda a l&#8217;Havana, Cuba, va comen\u00e7ar la seva formaci\u00f3 musical des de ben petita i es va especialitzar en direcci\u00f3 coral. Va ser membre de la Schola Cantorum Coralina entre 1993 i 2001, on va participar en diversos concursos, festivals i gires nacionals i internacionals. Tamb\u00e9 va fundar la coral infantil P\u00ecccolo i va col\u00b7laborar amb la UNESCO en el projecte We Want to Sing! Entre 1995 i 2001, va dirigir la Coral Encore de la Facultat de Medicina de la Universitat de l&#8217;Havana, guardonada en diversos concursos.\n<br\/>Va completar els seus estudis a la Universidad de las Artes de Cuba l&#8217;any 2000, obtenint dues Llicenciatures en M\u00fasica: Direcci\u00f3 Coral i Cant L\u00edric. Despr\u00e9s de traslladar-se a Barcelona, es va incorporar a l&#8217;escola IPSI com a part del projecte Cor Vivaldi, on va dirigir les corals dels nivells inicials Bart\u00f3k i Kod\u00e1ly entre 2003 i 2021.<br\/>El 2008, va comen\u00e7ar a exercir com a professora de cant i adjunta a la direcci\u00f3 del Cor Vivaldi, aprofundint en el desenvolupament vocal i musical dels integrants del cor.<br>Compromesa amb la innovaci\u00f3 educativa, el 2022 va completar dos m\u00e0sters a la Universitat Aut\u00f2noma de Barcelona: un en Musicologia i Interpretaci\u00f3 de la M\u00fasica Antiga i l&#8217;altre en Direcci\u00f3 de Centres per a la Innovaci\u00f3 Educativa.<br>Des d&#8217;octubre de 2024, assumeix la direcci\u00f3 del Cor Vivaldi. Paral\u00b7lelament, dirigeix els cors Kod\u00e1ly i Corelli, on treballa en la formaci\u00f3 de les veus que posteriorment ingressaran al Cor Vivaldi.<\/p>\n<\/div>\n\n\n<div class=\"wp-block-column is-layout-flow wp-block-column-is-layout-flow\" style=\"flex-basis:50%\">\n<figure class=\"wp-block-image size-full\"><img loading=\"lazy\" decoding=\"async\" width=\"651\" height=\"674\" src=\"http:\/\/corvivaldi.cat\/wp-content\/uploads\/2025\/01\/pilar.png\" alt=\"\" class=\"wp-image-1250\" srcset=\"https:\/\/corvivaldi.cat\/wp-content\/uploads\/2025\/01\/pilar.png 651w, https:\/\/corvivaldi.cat\/wp-content\/uploads\/2025\/01\/pilar-290x300.png 290w\" sizes=\"auto, (max-width: 651px) 100vw, 651px\" \/><\/figure>\n<\/div>\n<\/div>\n","protected":false},"excerpt":{"rendered":"<p>Pilar Paredes Nascuda a l&#8217;Havana, Cuba, va comen\u00e7ar la seva formaci\u00f3 musical des de ben petita i es va especialitzar en direcci\u00f3 coral. Va ser membre de la Schola Cantorum Coralina entre 1993 i 2001, on va participar en diversos<\/p>\n","protected":false},"author":1,"featured_media":0,"parent":0,"menu_order":0,"comment_status":"closed","ping_status":"closed","template":"","meta":{"footnotes":""},"class_list":["post-21","page","type-page","status-publish","hentry"],"jetpack_sharing_enabled":true,"_links":{"self":[{"href":"https:\/\/corvivaldi.cat\/index.php\/wp-json\/wp\/v2\/pages\/21","targetHints":{"allow":["GET"]}}],"collection":[{"href":"https:\/\/corvivaldi.cat\/index.php\/wp-json\/wp\/v2\/pages"}],"about":[{"href":"https:\/\/corvivaldi.cat\/index.php\/wp-json\/wp\/v2\/types\/page"}],"author":[{"embeddable":true,"href":"https:\/\/corvivaldi.cat\/index.php\/wp-json\/wp\/v2\/users\/1"}],"replies":[{"embeddable":true,"href":"https:\/\/corvivaldi.cat\/index.php\/wp-json\/wp\/v2\/comments?post=21"}],"version-history":[{"count":100,"href":"https:\/\/corvivaldi.cat\/index.php\/wp-json\/wp\/v2\/pages\/21\/revisions"}],"predecessor-version":[{"id":1581,"href":"https:\/\/corvivaldi.cat\/index.php\/wp-json\/wp\/v2\/pages\/21\/revisions\/1581"}],"wp:attachment":[{"href":"https:\/\/corvivaldi.cat\/index.php\/wp-json\/wp\/v2\/media?parent=21"}],"curies":[{"name":"wp","href":"https:\/\/api.w.org\/{rel}","templated":true}]}}